{"id":2197,"date":"2014-10-06T10:52:57","date_gmt":"2014-10-06T10:52:57","guid":{"rendered":"http:\/\/www.highgradelab.com\/shore-creative-studio\/?page_id=6"},"modified":"2020-08-01T12:56:17","modified_gmt":"2020-08-01T10:56:17","slug":"accueil-soveamiant","status":"publish","type":"page","link":"http:\/\/www.soveamiant.fr\/agence-desamiantage-soveamiant-bordeaux\/","title":{"rendered":"Accueil SOVEAMIANT"},"content":{"rendered":"","protected":false},"excerpt":{"rendered":"","protected":false},"author":1,"featured_media":0,"parent":0,"menu_order":0,"comment_status":"open","ping_status":"open","template":"","meta":{"footnotes":""},"class_list":["post-2197","page","type-page","status-publish","hentry"],"yoast_head":"<!-- This site is optimized with the Yoast SEO plugin v25.0 - https:\/\/yoast.com\/wordpress\/plugins\/seo\/ -->\n<title>Entreprise de d\u00e9samiantage \u00e0 Bordeaux | Service de d\u00e9samiantage (33)<\/title>\n<meta name=\"description\" content=\"L&#039;entreprise SOVEAMIANT situ\u00e9e \u00e0 Bordeaux (33) est sp\u00e9cialis\u00e9e dans les op\u00e9rations de d\u00e9samiantage tout en respectant les normes avec ses 15 ann\u00e9es d&#039;exp\u00e9rience.\" \/>\n<meta name=\"robots\" content=\"index, follow, max-snippet:-1, max-image-preview:large, max-video-preview:-1\" \/>\n<link rel=\"canonical\" href=\"http:\/\/www.soveamiant.fr\/agence-desamiantage-soveamiant-bordeaux\/\" \/>\n<meta property=\"og:locale\" content=\"fr_FR\" \/>\n<meta property=\"og:type\" content=\"article\" \/>\n<meta property=\"og:title\" content=\"Entreprise de d\u00e9samiantage \u00e0 Bordeaux | Service de d\u00e9samiantage (33)\" \/>\n<meta property=\"og:description\" content=\"L&#039;entreprise SOVEAMIANT situ\u00e9e \u00e0 Bordeaux (33) est sp\u00e9cialis\u00e9e dans les op\u00e9rations de d\u00e9samiantage tout en respectant les normes avec ses 15 ann\u00e9es d&#039;exp\u00e9rience.\" \/>\n<meta property=\"og:url\" content=\"http:\/\/www.soveamiant.fr\/agence-desamiantage-soveamiant-bordeaux\/\" \/>\n<meta property=\"og:site_name\" content=\"Soveamiant Bordeaux, Votre partenaire d\u00e9samiantage en Nouvelle Aquitaine\" \/>\n<meta property=\"article:modified_time\" content=\"2020-08-01T10:56:17+00:00\" \/>\n<meta name=\"twitter:card\" content=\"summary_large_image\" \/>\n<script type=\"application\/ld+json\" class=\"yoast-schema-graph\">{\"@context\":\"https:\/\/schema.org\",\"@graph\":[{\"@type\":\"WebPage\",\"@id\":\"http:\/\/www.soveamiant.fr\/agence-desamiantage-soveamiant-bordeaux\/\",\"url\":\"http:\/\/www.soveamiant.fr\/agence-desamiantage-soveamiant-bordeaux\/\",\"name\":\"Entreprise de d\u00e9samiantage \u00e0 Bordeaux | Service de d\u00e9samiantage (33)\",\"isPartOf\":{\"@id\":\"http:\/\/www.soveamiant.fr\/agence-desamiantage-soveamiant-bordeaux\/#website\"},\"datePublished\":\"2014-10-06T10:52:57+00:00\",\"dateModified\":\"2020-08-01T10:56:17+00:00\",\"description\":\"L'entreprise SOVEAMIANT situ\u00e9e \u00e0 Bordeaux (33) est sp\u00e9cialis\u00e9e dans les op\u00e9rations de d\u00e9samiantage tout en respectant les normes avec ses 15 ann\u00e9es d'exp\u00e9rience.\",\"breadcrumb\":{\"@id\":\"http:\/\/www.soveamiant.fr\/agence-desamiantage-soveamiant-bordeaux\/#breadcrumb\"},\"inLanguage\":\"fr-FR\",\"potentialAction\":[{\"@type\":\"ReadAction\",\"target\":[\"http:\/\/www.soveamiant.fr\/agence-desamiantage-soveamiant-bordeaux\/\"]}]},{\"@type\":\"BreadcrumbList\",\"@id\":\"http:\/\/www.soveamiant.fr\/agence-desamiantage-soveamiant-bordeaux\/#breadcrumb\",\"itemListElement\":[{\"@type\":\"ListItem\",\"position\":1,\"name\":\"Accueil\",\"item\":\"http:\/\/www.soveamiant.fr\/agence-desamiantage-soveamiant-bordeaux\/\"},{\"@type\":\"ListItem\",\"position\":2,\"name\":\"Accueil SOVEAMIANT\"}]},{\"@type\":\"WebSite\",\"@id\":\"http:\/\/www.soveamiant.fr\/agence-desamiantage-soveamiant-bordeaux\/#website\",\"url\":\"http:\/\/www.soveamiant.fr\/agence-desamiantage-soveamiant-bordeaux\/\",\"name\":\"Soveamiant Bordeaux, Votre partenaire d\u00e9samiantage en Nouvelle Aquitaine\",\"description\":\"SOVEAMIANT, D\u00e9samiantage Bordeaux\",\"potentialAction\":[{\"@type\":\"SearchAction\",\"target\":{\"@type\":\"EntryPoint\",\"urlTemplate\":\"http:\/\/www.soveamiant.fr\/agence-desamiantage-soveamiant-bordeaux\/?s={search_term_string}\"},\"query-input\":{\"@type\":\"PropertyValueSpecification\",\"valueRequired\":true,\"valueName\":\"search_term_string\"}}],\"inLanguage\":\"fr-FR\"}]}<\/script>\n<!-- \/ Yoast SEO plugin. -->","yoast_head_json":{"title":"Entreprise de d\u00e9samiantage \u00e0 Bordeaux | Service de d\u00e9samiantage (33)","description":"L'entreprise SOVEAMIANT situ\u00e9e \u00e0 Bordeaux (33) est sp\u00e9cialis\u00e9e dans les op\u00e9rations de d\u00e9samiantage tout en respectant les normes avec ses 15 ann\u00e9es d'exp\u00e9rience.","robots":{"index":"index","follow":"follow","max-snippet":"max-snippet:-1","max-image-preview":"max-image-preview:large","max-video-preview":"max-video-preview:-1"},"canonical":"http:\/\/www.soveamiant.fr\/agence-desamiantage-soveamiant-bordeaux\/","og_locale":"fr_FR","og_type":"article","og_title":"Entreprise de d\u00e9samiantage \u00e0 Bordeaux | Service de d\u00e9samiantage (33)","og_description":"L'entreprise SOVEAMIANT situ\u00e9e \u00e0 Bordeaux (33) est sp\u00e9cialis\u00e9e dans les op\u00e9rations de d\u00e9samiantage tout en respectant les normes avec ses 15 ann\u00e9es d'exp\u00e9rience.","og_url":"http:\/\/www.soveamiant.fr\/agence-desamiantage-soveamiant-bordeaux\/","og_site_name":"Soveamiant Bordeaux, Votre partenaire d\u00e9samiantage en Nouvelle Aquitaine","article_modified_time":"2020-08-01T10:56:17+00:00","twitter_card":"summary_large_image","schema":{"@context":"https:\/\/schema.org","@graph":[{"@type":"WebPage","@id":"http:\/\/www.soveamiant.fr\/agence-desamiantage-soveamiant-bordeaux\/","url":"http:\/\/www.soveamiant.fr\/agence-desamiantage-soveamiant-bordeaux\/","name":"Entreprise de d\u00e9samiantage \u00e0 Bordeaux | Service de d\u00e9samiantage (33)","isPartOf":{"@id":"http:\/\/www.soveamiant.fr\/agence-desamiantage-soveamiant-bordeaux\/#website"},"datePublished":"2014-10-06T10:52:57+00:00","dateModified":"2020-08-01T10:56:17+00:00","description":"L'entreprise SOVEAMIANT situ\u00e9e \u00e0 Bordeaux (33) est sp\u00e9cialis\u00e9e dans les op\u00e9rations de d\u00e9samiantage tout en respectant les normes avec ses 15 ann\u00e9es d'exp\u00e9rience.","breadcrumb":{"@id":"http:\/\/www.soveamiant.fr\/agence-desamiantage-soveamiant-bordeaux\/#breadcrumb"},"inLanguage":"fr-FR","potentialAction":[{"@type":"ReadAction","target":["http:\/\/www.soveamiant.fr\/agence-desamiantage-soveamiant-bordeaux\/"]}]},{"@type":"BreadcrumbList","@id":"http:\/\/www.soveamiant.fr\/agence-desamiantage-soveamiant-bordeaux\/#breadcrumb","itemListElement":[{"@type":"ListItem","position":1,"name":"Accueil","item":"http:\/\/www.soveamiant.fr\/agence-desamiantage-soveamiant-bordeaux\/"},{"@type":"ListItem","position":2,"name":"Accueil SOVEAMIANT"}]},{"@type":"WebSite","@id":"http:\/\/www.soveamiant.fr\/agence-desamiantage-soveamiant-bordeaux\/#website","url":"http:\/\/www.soveamiant.fr\/agence-desamiantage-soveamiant-bordeaux\/","name":"Soveamiant Bordeaux, Votre partenaire d\u00e9samiantage en Nouvelle Aquitaine","description":"SOVEAMIANT, D\u00e9samiantage Bordeaux","potentialAction":[{"@type":"SearchAction","target":{"@type":"EntryPoint","urlTemplate":"http:\/\/www.soveamiant.fr\/agence-desamiantage-soveamiant-bordeaux\/?s={search_term_string}"},"query-input":{"@type":"PropertyValueSpecification","valueRequired":true,"valueName":"search_term_string"}}],"inLanguage":"fr-FR"}]}},"_links":{"self":[{"href":"http:\/\/www.soveamiant.fr\/agence-desamiantage-soveamiant-bordeaux\/wp-json\/wp\/v2\/pages\/2197","targetHints":{"allow":["GET"]}}],"collection":[{"href":"http:\/\/www.soveamiant.fr\/agence-desamiantage-soveamiant-bordeaux\/wp-json\/wp\/v2\/pages"}],"about":[{"href":"http:\/\/www.soveamiant.fr\/agence-desamiantage-soveamiant-bordeaux\/wp-json\/wp\/v2\/types\/page"}],"author":[{"embeddable":true,"href":"http:\/\/www.soveamiant.fr\/agence-desamiantage-soveamiant-bordeaux\/wp-json\/wp\/v2\/users\/1"}],"replies":[{"embeddable":true,"href":"http:\/\/www.soveamiant.fr\/agence-desamiantage-soveamiant-bordeaux\/wp-json\/wp\/v2\/comments?post=2197"}],"version-history":[{"count":1,"href":"http:\/\/www.soveamiant.fr\/agence-desamiantage-soveamiant-bordeaux\/wp-json\/wp\/v2\/pages\/2197\/revisions"}],"predecessor-version":[{"id":2232,"href":"http:\/\/www.soveamiant.fr\/agence-desamiantage-soveamiant-bordeaux\/wp-json\/wp\/v2\/pages\/2197\/revisions\/2232"}],"wp:attachment":[{"href":"http:\/\/www.soveamiant.fr\/agence-desamiantage-soveamiant-bordeaux\/wp-json\/wp\/v2\/media?parent=2197"}],"curies":[{"name":"wp","href":"https:\/\/api.w.org\/{rel}","templated":true}]}}