{"id":23,"date":"2014-10-06T11:33:21","date_gmt":"2014-10-06T11:33:21","guid":{"rendered":"http:\/\/www.highgradelab.com\/shore-creative-studio\/?page_id=23"},"modified":"2014-10-06T11:33:21","modified_gmt":"2014-10-06T11:33:21","slug":"prestations","status":"publish","type":"page","link":"http:\/\/www.soveamiant.fr\/agence-desamiantage-soveamiant-grand-ouest\/accueil-soveamiant\/prestations\/","title":{"rendered":"Prestations"},"content":{"rendered":"<p>[vc_row][vc_column][vc_column_text]<\/p>\n<h1 style=\"text-align: center\">UN CENTRE D&rsquo;EXCELLENCE CERTIFI\u00c9 QUALIBAT 1552 DEPUIS 1997<\/h1>\n<p>[\/vc_column_text][vc_column_text css=\u00a0\u00bb.vc_custom_1474922433070{padding-top: 20px !important;}\u00a0\u00bb]<\/p>\n<p style=\"text-align: center\">Notre filiale est sp\u00e9cialis\u00e9e dans le retrait ou le confinement d&rsquo;amiante, de mat\u00e9riaux ou d&rsquo;objets en contenant.<\/p>\n<p style=\"text-align: center\">Nous formons \u00e9galement les personnels des autres filiales\u00a0du groupe <a href=\"http:\/\/www.soveagroupe.fr\">Sovea France <\/a>\u00e0 intervenir dans un environnement amiante selon la sous-section 4 du code du travail.<\/p>\n<p>[\/vc_column_text][\/vc_column][\/vc_row][vc_row css=\u00a0\u00bb.vc_custom_1412595932954{padding-top: 100px !important;}\u00a0\u00bb gmbt_prlx_bg_type=\u00a0\u00bbparallax\u00a0\u00bb gmbt_prlx_video_youtube_loop_trigger=\u00a0\u00bb0&Prime; gmbt_prlx_video_height_correction=\u00a0\u00bb0&Prime; gmbt_prlx_video_width_correction=\u00a0\u00bb0&Prime; gmbt_prlx_parallax=\u00a0\u00bbnone\u00a0\u00bb gmbt_prlx_speed=\u00a0\u00bb0.3&Prime; gmbt_prlx_break_parents=\u00a0\u00bb0&Prime; gmbt_prlx_row_span=\u00a0\u00bb0&Prime;][vc_column width=\u00a0\u00bb1\/3&Prime;]<div class=\"hgr-content-block \" style=\"margin-bottom:2em;\"><div class=\"hgr-contb-row\"><div class=\"hgr-contblock-icon\" style=\"color:#ffffff;  \"><i class=\"icon icon outline outline-desk-lamp normal-icon-cb\" style=\" font-size:30px!important; \"><\/i><\/div><div class=\"hgr-content\" style=\"padding-left:1em;\"><h4 style=\"color:#ffffff\">\u00c9VALUATION DES RISQUES D'APR\u00c8S LE RAPPORT DE REP\u00c9RAGE DE L'AMIANTE<\/h4><p style=\"color:#ffffff\">Le retrait et le confinement d\u2019amiante, de mat\u00e9riaux ou d\u2019objets en contenant font l\u2019objet d\u2019une proc\u00e9dure administrative relativement longue. Il s\u2019\u00e9coule au minimum deux mois entre la demande du ma\u00eetre d\u2019ouvrage et le d\u00e9marrage du chantier.<br \/>\nPour lancer la d\u00e9marche au plus vite, SoveAmiant s\u2019engage \u00e0 fournir son analyse des risques et son devis dans les sept jours \u00e0 r\u00e9ception du rapport de rep\u00e9rage de l\u2019amiante, document indispensable pour une bonne \u00e9valuation.<br \/>\nChaque poste de co\u00fbt est clairement chiffr\u00e9 : d\u00e9marches administratives, installation du chantier, retrait, d\u00e9molition, m\u00e9trologie, \u00e9quipements de protection individuelle, traitement des d\u00e9chets amiante, autres d\u00e9chets, repli du chantier.<\/p><\/div><\/div><\/div>[\/vc_column][vc_column width=\u00a0\u00bb1\/3&Prime;]<div class=\"hgr-content-block \" style=\"margin-bottom:2em;\"><div class=\"hgr-contb-row\"><div class=\"hgr-contblock-icon\" style=\"color:#ffffff;  \"><i class=\"icon icon outline outline-globe normal-icon-cb\" style=\" font-size:30px!important; \"><\/i><\/div><div class=\"hgr-content\" style=\"padding-left:1em;\"><h4 style=\"color:#ffffff\">R\u00c9DACTION DU PLAN DE RETRAIT<\/h4><p style=\"color:#ffffff\">D\u00e8s l\u2019acceptation du devis, SoveAmiant entreprend la r\u00e9daction du plan de retrait, d\u2019encapsulage ou de d\u00e9molition afin de l\u2019envoyer dans les huit jours \u00e0 l\u2019inspection<br \/>\ndu travail et aux organismes de pr\u00e9vention concern\u00e9s.<br \/>\nCes instances ont un mois pour instruire le dossier, huit jours en cas d\u2019urgence li\u00e9e \u00e0 un sinistre (*). Le plan de retrait d\u00e9crit tr\u00e8s pr\u00e9cis\u00e9ment et dans l\u2019ordre la nature,<br \/>\nles proc\u00e9dures, l\u2019organisation et les ressources de toutes les op\u00e9rations \u00e0 r\u00e9aliser du d\u00e9but \u00e0 la fin des travaux.<br \/>\nDocument obligatoire sur<br \/>\nle chantier, il sert de r\u00e9f\u00e9rentiel \u00e0 tous les intervenants.<br \/>\n(*) La r\u00e9duction du d\u00e9lai d\u2019instruction doit \u00eatre accord\u00e9e par la Direction r\u00e9gionale des entreprises, de la concurrence, de la consommation,<br \/>\ndu travail et de l\u2019emploi (DIRECCTE).<\/p><\/div><\/div><\/div>[\/vc_column][vc_column width=\u00a0\u00bb1\/3&Prime;]<div class=\"hgr-content-block \" style=\"margin-bottom:2em;\"><div class=\"hgr-contb-row\"><div class=\"hgr-contblock-icon\" style=\"color:#ffffff;  \"><i class=\"icon icon outline outline-location normal-icon-cb\" style=\" font-size:30px!important; \"><\/i><\/div><div class=\"hgr-content\" style=\"padding-left:1em;\"><h4 style=\"color:#ffffff\">PR\u00c9PARATION ET INSTALLATION DU CHANTIER DE D\u00c9SAMIANTAGE<\/h4><p style=\"color:#ffffff\">Chez SOVEAMIANT, nous appliquons rigoureusement les normes et le r\u00e9f\u00e9rentiel Qualibat 1552 pour pr\u00e9parer et installer un chantier.<br \/>\nLe confinement de la zone \u00e0 traiter emp\u00eache l\u2019\u00e9mission de fibres d\u2019amiante \u00e0 l\u2019ext\u00e9rieur du chantier. Une enceinte et un toit rigide sont pos\u00e9s \u00e0 cet effet, toutes les entr\u00e9es d\u2019air sont calfeutr\u00e9es.<br \/>\nDes tunnels et des sas d\u2019\u00e9quipement et de d\u00e9contamination sont am\u00e9nag\u00e9s pour des acc\u00e8s s\u00e9par\u00e9s \u00e0 la zone, l\u2019un r\u00e9serv\u00e9 aux personnes, l\u2019autre aux mat\u00e9riaux et d\u00e9chets. Des extracteurs sont install\u00e9s pour assainir l\u2019air int\u00e9rieur. L\u2019ensemble du dispositif est soumis \u00e0 des tests de fum\u00e9e pour v\u00e9rifier l\u2019\u00e9tanch\u00e9it\u00e9 et l\u2019a\u00e9raulique.<br \/>\n<\/p><\/div><\/div><\/div>[\/vc_column][\/vc_row][vc_row][vc_column][vc_empty_space][\/vc_column][\/vc_row]<\/p>\n","protected":false},"excerpt":{"rendered":"<p>[vc_row][vc_column][vc_column_text] UN CENTRE D&rsquo;EXCELLENCE CERTIFI\u00c9 QUALIBAT 1552 DEPUIS 1997 [\/vc_column_text][vc_column_text css=\u00a0\u00bb.vc_custom_1474922433070{padding-top: 20px !important;}\u00a0\u00bb] Notre filiale est sp\u00e9cialis\u00e9e dans le retrait ou le confinement d&rsquo;amiante, de mat\u00e9riaux ou d&rsquo;objets en contenant. Nous formons \u00e9galement les personnels des autres filiales\u00a0du groupe Sovea France \u00e0 intervenir dans un environnement amiante selon la sous-section 4 du code du travail. [&hellip;]<\/p>\n","protected":false},"author":1,"featured_media":2078,"parent":2197,"menu_order":30,"comment_status":"open","ping_status":"open","template":"","meta":{"footnotes":""},"class_list":["post-23","page","type-page","status-publish","has-post-thumbnail","hentry"],"yoast_head":"<!-- This site is optimized with the Yoast SEO plugin v25.0 - https:\/\/yoast.com\/wordpress\/plugins\/seo\/ -->\n<title>Prestations - Soveamiant Grand-Ouest, votre partenaire d\u00e9samiantage dans le Grand-ouest<\/title>\n<meta name=\"robots\" content=\"index, follow, max-snippet:-1, max-image-preview:large, max-video-preview:-1\" \/>\n<link rel=\"canonical\" href=\"http:\/\/www.soveamiant.fr\/agence-desamiantage-soveamiant-grand-ouest\/accueil-soveamiant\/prestations\/\" \/>\n<meta property=\"og:locale\" content=\"fr_FR\" \/>\n<meta property=\"og:type\" content=\"article\" \/>\n<meta property=\"og:title\" content=\"Prestations - Soveamiant Grand-Ouest, votre partenaire d\u00e9samiantage dans le Grand-ouest\" \/>\n<meta property=\"og:description\" content=\"[vc_row][vc_column][vc_column_text] UN CENTRE D&rsquo;EXCELLENCE CERTIFI\u00c9 QUALIBAT 1552 DEPUIS 1997 [\/vc_column_text][vc_column_text css=\u00a0\u00bb.vc_custom_1474922433070{padding-top: 20px !important;}\u00a0\u00bb] Notre filiale est sp\u00e9cialis\u00e9e dans le retrait ou le confinement d&rsquo;amiante, de mat\u00e9riaux ou d&rsquo;objets en contenant. Nous formons \u00e9galement les personnels des autres filiales\u00a0du groupe Sovea France \u00e0 intervenir dans un environnement amiante selon la sous-section 4 du code du travail. [&hellip;]\" \/>\n<meta property=\"og:url\" content=\"http:\/\/www.soveamiant.fr\/agence-desamiantage-soveamiant-grand-ouest\/accueil-soveamiant\/prestations\/\" \/>\n<meta property=\"og:site_name\" content=\"Soveamiant Grand-Ouest, votre partenaire d\u00e9samiantage dans le Grand-ouest\" \/>\n<meta property=\"og:image\" content=\"http:\/\/www.soveamiant.fr\/agence-desamiantage-soveamiant-grand-ouest\/wp-content\/uploads\/sites\/3\/2014\/10\/trouver-societe-desamiantage-enlever-l-amiante.jpg\" \/>\n\t<meta property=\"og:image:width\" content=\"2000\" \/>\n\t<meta property=\"og:image:height\" content=\"1223\" \/>\n\t<meta property=\"og:image:type\" content=\"image\/jpeg\" \/>\n<meta name=\"twitter:card\" content=\"summary_large_image\" \/>\n<meta name=\"twitter:label1\" content=\"Dur\u00e9e de lecture estim\u00e9e\" \/>\n\t<meta name=\"twitter:data1\" content=\"3 minutes\" \/>\n<script type=\"application\/ld+json\" class=\"yoast-schema-graph\">{\"@context\":\"https:\/\/schema.org\",\"@graph\":[{\"@type\":\"WebPage\",\"@id\":\"http:\/\/www.soveamiant.fr\/agence-desamiantage-soveamiant-grand-ouest\/accueil-soveamiant\/prestations\/\",\"url\":\"http:\/\/www.soveamiant.fr\/agence-desamiantage-soveamiant-grand-ouest\/accueil-soveamiant\/prestations\/\",\"name\":\"Prestations - Soveamiant Grand-Ouest, votre partenaire d\u00e9samiantage dans le Grand-ouest\",\"isPartOf\":{\"@id\":\"http:\/\/www.soveamiant.fr\/agence-desamiantage-soveamiant-grand-ouest\/#website\"},\"primaryImageOfPage\":{\"@id\":\"http:\/\/www.soveamiant.fr\/agence-desamiantage-soveamiant-grand-ouest\/accueil-soveamiant\/prestations\/#primaryimage\"},\"image\":{\"@id\":\"http:\/\/www.soveamiant.fr\/agence-desamiantage-soveamiant-grand-ouest\/accueil-soveamiant\/prestations\/#primaryimage\"},\"thumbnailUrl\":\"http:\/\/www.soveamiant.fr\/agence-desamiantage-soveamiant-grand-ouest\/wp-content\/uploads\/sites\/3\/2014\/10\/trouver-societe-desamiantage-enlever-l-amiante.jpg\",\"datePublished\":\"2014-10-06T11:33:21+00:00\",\"breadcrumb\":{\"@id\":\"http:\/\/www.soveamiant.fr\/agence-desamiantage-soveamiant-grand-ouest\/accueil-soveamiant\/prestations\/#breadcrumb\"},\"inLanguage\":\"fr-FR\",\"potentialAction\":[{\"@type\":\"ReadAction\",\"target\":[\"http:\/\/www.soveamiant.fr\/agence-desamiantage-soveamiant-grand-ouest\/accueil-soveamiant\/prestations\/\"]}]},{\"@type\":\"ImageObject\",\"inLanguage\":\"fr-FR\",\"@id\":\"http:\/\/www.soveamiant.fr\/agence-desamiantage-soveamiant-grand-ouest\/accueil-soveamiant\/prestations\/#primaryimage\",\"url\":\"http:\/\/www.soveamiant.fr\/agence-desamiantage-soveamiant-grand-ouest\/wp-content\/uploads\/sites\/3\/2014\/10\/trouver-societe-desamiantage-enlever-l-amiante.jpg\",\"contentUrl\":\"http:\/\/www.soveamiant.fr\/agence-desamiantage-soveamiant-grand-ouest\/wp-content\/uploads\/sites\/3\/2014\/10\/trouver-societe-desamiantage-enlever-l-amiante.jpg\",\"width\":2000,\"height\":1223,\"caption\":\"trouver-societe-desamiantage-enlever-l-amiante\"},{\"@type\":\"BreadcrumbList\",\"@id\":\"http:\/\/www.soveamiant.fr\/agence-desamiantage-soveamiant-grand-ouest\/accueil-soveamiant\/prestations\/#breadcrumb\",\"itemListElement\":[{\"@type\":\"ListItem\",\"position\":1,\"name\":\"Accueil\",\"item\":\"http:\/\/www.soveamiant.fr\/agence-desamiantage-soveamiant-grand-ouest\/\"},{\"@type\":\"ListItem\",\"position\":2,\"name\":\"Accueil SOVEAMIANT\",\"item\":\"http:\/\/www.soveamiant.fr\/agence-desamiantage-soveamiant-grand-ouest\/\"},{\"@type\":\"ListItem\",\"position\":3,\"name\":\"Prestations\"}]},{\"@type\":\"WebSite\",\"@id\":\"http:\/\/www.soveamiant.fr\/agence-desamiantage-soveamiant-grand-ouest\/#website\",\"url\":\"http:\/\/www.soveamiant.fr\/agence-desamiantage-soveamiant-grand-ouest\/\",\"name\":\"Soveamiant Grand-Ouest, votre partenaire d\u00e9samiantage dans le Grand-ouest\",\"description\":\"SOVEAMIANT, D\u00e9samiantage dans le Grand-Ouest\",\"potentialAction\":[{\"@type\":\"SearchAction\",\"target\":{\"@type\":\"EntryPoint\",\"urlTemplate\":\"http:\/\/www.soveamiant.fr\/agence-desamiantage-soveamiant-grand-ouest\/?s={search_term_string}\"},\"query-input\":{\"@type\":\"PropertyValueSpecification\",\"valueRequired\":true,\"valueName\":\"search_term_string\"}}],\"inLanguage\":\"fr-FR\"}]}<\/script>\n<!-- \/ Yoast SEO plugin. -->","yoast_head_json":{"title":"Prestations - Soveamiant Grand-Ouest, votre partenaire d\u00e9samiantage dans le Grand-ouest","robots":{"index":"index","follow":"follow","max-snippet":"max-snippet:-1","max-image-preview":"max-image-preview:large","max-video-preview":"max-video-preview:-1"},"canonical":"http:\/\/www.soveamiant.fr\/agence-desamiantage-soveamiant-grand-ouest\/accueil-soveamiant\/prestations\/","og_locale":"fr_FR","og_type":"article","og_title":"Prestations - Soveamiant Grand-Ouest, votre partenaire d\u00e9samiantage dans le Grand-ouest","og_description":"[vc_row][vc_column][vc_column_text] UN CENTRE D&rsquo;EXCELLENCE CERTIFI\u00c9 QUALIBAT 1552 DEPUIS 1997 [\/vc_column_text][vc_column_text css=\u00a0\u00bb.vc_custom_1474922433070{padding-top: 20px !important;}\u00a0\u00bb] Notre filiale est sp\u00e9cialis\u00e9e dans le retrait ou le confinement d&rsquo;amiante, de mat\u00e9riaux ou d&rsquo;objets en contenant. Nous formons \u00e9galement les personnels des autres filiales\u00a0du groupe Sovea France \u00e0 intervenir dans un environnement amiante selon la sous-section 4 du code du travail. [&hellip;]","og_url":"http:\/\/www.soveamiant.fr\/agence-desamiantage-soveamiant-grand-ouest\/accueil-soveamiant\/prestations\/","og_site_name":"Soveamiant Grand-Ouest, votre partenaire d\u00e9samiantage dans le Grand-ouest","og_image":[{"width":2000,"height":1223,"url":"http:\/\/www.soveamiant.fr\/agence-desamiantage-soveamiant-grand-ouest\/wp-content\/uploads\/sites\/3\/2014\/10\/trouver-societe-desamiantage-enlever-l-amiante.jpg","type":"image\/jpeg"}],"twitter_card":"summary_large_image","twitter_misc":{"Dur\u00e9e de lecture estim\u00e9e":"3 minutes"},"schema":{"@context":"https:\/\/schema.org","@graph":[{"@type":"WebPage","@id":"http:\/\/www.soveamiant.fr\/agence-desamiantage-soveamiant-grand-ouest\/accueil-soveamiant\/prestations\/","url":"http:\/\/www.soveamiant.fr\/agence-desamiantage-soveamiant-grand-ouest\/accueil-soveamiant\/prestations\/","name":"Prestations - Soveamiant Grand-Ouest, votre partenaire d\u00e9samiantage dans le Grand-ouest","isPartOf":{"@id":"http:\/\/www.soveamiant.fr\/agence-desamiantage-soveamiant-grand-ouest\/#website"},"primaryImageOfPage":{"@id":"http:\/\/www.soveamiant.fr\/agence-desamiantage-soveamiant-grand-ouest\/accueil-soveamiant\/prestations\/#primaryimage"},"image":{"@id":"http:\/\/www.soveamiant.fr\/agence-desamiantage-soveamiant-grand-ouest\/accueil-soveamiant\/prestations\/#primaryimage"},"thumbnailUrl":"http:\/\/www.soveamiant.fr\/agence-desamiantage-soveamiant-grand-ouest\/wp-content\/uploads\/sites\/3\/2014\/10\/trouver-societe-desamiantage-enlever-l-amiante.jpg","datePublished":"2014-10-06T11:33:21+00:00","breadcrumb":{"@id":"http:\/\/www.soveamiant.fr\/agence-desamiantage-soveamiant-grand-ouest\/accueil-soveamiant\/prestations\/#breadcrumb"},"inLanguage":"fr-FR","potentialAction":[{"@type":"ReadAction","target":["http:\/\/www.soveamiant.fr\/agence-desamiantage-soveamiant-grand-ouest\/accueil-soveamiant\/prestations\/"]}]},{"@type":"ImageObject","inLanguage":"fr-FR","@id":"http:\/\/www.soveamiant.fr\/agence-desamiantage-soveamiant-grand-ouest\/accueil-soveamiant\/prestations\/#primaryimage","url":"http:\/\/www.soveamiant.fr\/agence-desamiantage-soveamiant-grand-ouest\/wp-content\/uploads\/sites\/3\/2014\/10\/trouver-societe-desamiantage-enlever-l-amiante.jpg","contentUrl":"http:\/\/www.soveamiant.fr\/agence-desamiantage-soveamiant-grand-ouest\/wp-content\/uploads\/sites\/3\/2014\/10\/trouver-societe-desamiantage-enlever-l-amiante.jpg","width":2000,"height":1223,"caption":"trouver-societe-desamiantage-enlever-l-amiante"},{"@type":"BreadcrumbList","@id":"http:\/\/www.soveamiant.fr\/agence-desamiantage-soveamiant-grand-ouest\/accueil-soveamiant\/prestations\/#breadcrumb","itemListElement":[{"@type":"ListItem","position":1,"name":"Accueil","item":"http:\/\/www.soveamiant.fr\/agence-desamiantage-soveamiant-grand-ouest\/"},{"@type":"ListItem","position":2,"name":"Accueil SOVEAMIANT","item":"http:\/\/www.soveamiant.fr\/agence-desamiantage-soveamiant-grand-ouest\/"},{"@type":"ListItem","position":3,"name":"Prestations"}]},{"@type":"WebSite","@id":"http:\/\/www.soveamiant.fr\/agence-desamiantage-soveamiant-grand-ouest\/#website","url":"http:\/\/www.soveamiant.fr\/agence-desamiantage-soveamiant-grand-ouest\/","name":"Soveamiant Grand-Ouest, votre partenaire d\u00e9samiantage dans le Grand-ouest","description":"SOVEAMIANT, D\u00e9samiantage dans le Grand-Ouest","potentialAction":[{"@type":"SearchAction","target":{"@type":"EntryPoint","urlTemplate":"http:\/\/www.soveamiant.fr\/agence-desamiantage-soveamiant-grand-ouest\/?s={search_term_string}"},"query-input":{"@type":"PropertyValueSpecification","valueRequired":true,"valueName":"search_term_string"}}],"inLanguage":"fr-FR"}]}},"_links":{"self":[{"href":"http:\/\/www.soveamiant.fr\/agence-desamiantage-soveamiant-grand-ouest\/wp-json\/wp\/v2\/pages\/23","targetHints":{"allow":["GET"]}}],"collection":[{"href":"http:\/\/www.soveamiant.fr\/agence-desamiantage-soveamiant-grand-ouest\/wp-json\/wp\/v2\/pages"}],"about":[{"href":"http:\/\/www.soveamiant.fr\/agence-desamiantage-soveamiant-grand-ouest\/wp-json\/wp\/v2\/types\/page"}],"author":[{"embeddable":true,"href":"http:\/\/www.soveamiant.fr\/agence-desamiantage-soveamiant-grand-ouest\/wp-json\/wp\/v2\/users\/1"}],"replies":[{"embeddable":true,"href":"http:\/\/www.soveamiant.fr\/agence-desamiantage-soveamiant-grand-ouest\/wp-json\/wp\/v2\/comments?post=23"}],"version-history":[{"count":0,"href":"http:\/\/www.soveamiant.fr\/agence-desamiantage-soveamiant-grand-ouest\/wp-json\/wp\/v2\/pages\/23\/revisions"}],"up":[{"embeddable":true,"href":"http:\/\/www.soveamiant.fr\/agence-desamiantage-soveamiant-grand-ouest\/wp-json\/wp\/v2\/pages\/2197"}],"wp:featuredmedia":[{"embeddable":true,"href":"http:\/\/www.soveamiant.fr\/agence-desamiantage-soveamiant-grand-ouest\/wp-json\/wp\/v2\/media\/2078"}],"wp:attachment":[{"href":"http:\/\/www.soveamiant.fr\/agence-desamiantage-soveamiant-grand-ouest\/wp-json\/wp\/v2\/media?parent=23"}],"curies":[{"name":"wp","href":"https:\/\/api.w.org\/{rel}","templated":true}]}}