{"id":12,"date":"2014-10-06T11:20:40","date_gmt":"2014-10-06T11:20:40","guid":{"rendered":"http:\/\/www.highgradelab.com\/shore-creative-studio\/?page_id=12"},"modified":"2014-10-06T11:20:40","modified_gmt":"2014-10-06T11:20:40","slug":"notre-metier","status":"publish","type":"page","link":"http:\/\/www.soveamiant.fr\/agence-desamiantage-soveamiant-lille\/accueil\/notre-metier\/","title":{"rendered":"Notre m\u00e9tier"},"content":{"rendered":"<p>[vc_row][vc_column][vc_column_text]<\/p>\n<h1 style=\"text-align: center\">NOTRE M\u00c9TIER<\/h1>\n<p>[\/vc_column_text][\/vc_column][\/vc_row][vc_row css=\u00a0\u00bb.vc_custom_1412594487477{padding-top: 70px !important;}\u00a0\u00bb][vc_column width=\u00a0\u00bb1\/2&Prime;][vc_column_text]<\/p>\n<h2 style=\"text-align: left\">L&rsquo;AMIANTE\u00a0: Un enjeu de sant\u00e9 publique<\/h2>\n<p>[\/vc_column_text][vc_column_text]Mat\u00e9riau miracle utilis\u00e9, jusqu&rsquo;\u00e0 son interdiction en 1997, dans les constructions comme isolant thermique ou acoustique, reconnue pour sa r\u00e9sistance au feu, \u00e0 la traction, \u00e0 la flexion, \u00e0 l&rsquo;usure\u2026, l&rsquo;amiante est une cause importante de maladies professionnelles\u00a0; d\u00e8s lors que cette fibre naturelle se d\u00e9grade, elle devient dangereuse pour la sant\u00e9\u00a0de tous !<\/p>\n<ul>\n<li class=\"argumentaire\">3000 morts par an<\/li>\n<li class=\"argumentaire\">76 % des d\u00e9c\u00e8s dus \u00e0 une maladie professionnelle<\/li>\n<\/ul>\n<div class=\"page\" title=\"Page 2\">\n<div class=\"section\">\n<div class=\"layoutArea\">\n<div class=\"column\">\n<p>Les professionnels du b\u00e2timent sont particuli\u00e8rement concern\u00e9s car cette bre min\u00e9rale naturelle a longtemps \u00e9t\u00e9 utilis\u00e9e du sol au plafond, notamment comme isolant thermique et acoustique. R\u00e9sistant au feu, \u00e0 l\u2019eau, \u00e0 la traction, \u00e0 la exion, \u00e0 l\u2019usure et aux corrosions chimiques, l\u2019amiante se trouve partout ou presque : plaques ondul\u00e9es, canalisations, dalles et rev\u00eatements de sols, faux-plafonds, cloisons, enduits, peintures&#8230; Cette pr\u00e9sence constitue un danger car la d\u00e9gradation de l\u2019amiante lib\u00e8re une poussi\u00e8re hautement toxique. Invisibles \u00e0 l\u2019\u0153il nu, les bres d\u2019amiante inhal\u00e9es attaquent les tissus et les cellules<\/p>\n<p>de l\u2019appareil respiratoire, provoquant l\u00e9sions, broses et cancers de la pl\u00e8vre, des bronches et des poumons.<\/p>\n<\/div>\n<\/div>\n<\/div>\n<\/div>\n<h3><\/h3>\n<p>[\/vc_column_text][vc_column_text]<\/p>\n<h3>VOUS AVEZ DES OBLIGATIONS\u00a0R\u00c9GLEMENTAIRES<\/h3>\n<div class=\"obligation\">\n<p>\u2022 Rep\u00e9rer et diagnostiquer les MPCA avant travaux, vente ou d\u00e9molition de b\u00e2timents\u00a0;<\/p>\n<p>\u2022 Confiner et traiter les zones atteintes\u00a0;<\/p>\n<p>\u2022 \u00c9vacuer les d\u00e9chets dans les centres de traitements appropri\u00e9s (SDD)<\/p>\n<\/div>\n<p>[\/vc_column_text][\/vc_column][vc_column width=\u00a0\u00bb1\/2&Prime;][vc_column_text]<\/p>\n<h2>SOVEAMIANT, C&rsquo;EST PLUS DE QUINZE ANS D&rsquo;EXP\u00c9RIENCE EN EVIRONNEMENT AMIANTE<\/h2>\n<p>[\/vc_column_text]<div class=\"hgr_progressbar \"><div class=\"hgr-progb-icontext\"><div class=\"hgr-progb-icon\" style=\"width:25px; height:25px;\"><i class=\"icon icon\" style=\" color:#222222;  font-size:25px!important;  line-height:25px!important; \"><\/i><\/div><div class=\"hgr-progb-text\"><h4 style=\"color:#666666;\">Des prestations clairement identifi\u00e9es, un devis d\u00e9taill\u00e9 sans surprise<\/h4><\/div><\/div><div class=\"hgr_progressbarfull\" style=\"height:4px; background-color: #000000;\"><div class=\"hgr_progressbarfill \" style=\"height: 4px; background-color: #67aa4d;\" data-value=\"95\" data-time=\"3000\"><\/div><\/div><\/div><div class=\"hgr_progressbar \"><div class=\"hgr-progb-icontext\"><div class=\"hgr-progb-icon\" style=\"width:25px; height:25px;\"><i class=\"icon icon\" style=\" color:#222222;  font-size:25px!important;  line-height:25px!important; \"><\/i><\/div><div class=\"hgr-progb-text\"><h4 style=\"color:#666666;\">Budget optimis\u00e9 et ma\u00eetris\u00e9<\/h4><\/div><\/div><div class=\"hgr_progressbarfull\" style=\"height:4px; background-color: #000000;\"><div class=\"hgr_progressbarfill \" style=\"height: 4px; background-color: #67aa4d;\" data-value=\"70\" data-time=\"3000\"><\/div><\/div><\/div><div class=\"hgr_progressbar \"><div class=\"hgr-progb-icontext\"><div class=\"hgr-progb-icon\" style=\"width:25px; height:25px;\"><i class=\"icon icon\" style=\" color:#222222;  font-size:25px!important;  line-height:25px!important; \"><\/i><\/div><div class=\"hgr-progb-text\"><h4 style=\"color:#666666;\">D\u00e9lais de mise en \u0153uvre respect\u00e9s.<\/h4><\/div><\/div><div class=\"hgr_progressbarfull\" style=\"height:4px; background-color: #000000;\"><div class=\"hgr_progressbarfill \" style=\"height: 4px; background-color: #67aa4d;\" data-value=\"85\" data-time=\"3000\"><\/div><\/div><\/div><div class=\"hgr_progressbar \"><div class=\"hgr-progb-icontext\"><div class=\"hgr-progb-icon\" style=\"width:25px; height:25px;\"><i class=\"icon icon\" style=\" color:#222222;  font-size:25px!important;  line-height:25px!important; \"><\/i><\/div><div class=\"hgr-progb-text\"><h4 style=\"color:#666666;\">Rigueur et m\u00e9thodes de professionnels aguerris<\/h4><\/div><\/div><div class=\"hgr_progressbarfull\" style=\"height:4px; background-color: #000000;\"><div class=\"hgr_progressbarfill \" style=\"height: 4px; background-color: #67aa4d;\" data-value=\"75\" data-time=\"3000\"><\/div><\/div><\/div><div class=\"hgr_progressbar \"><div class=\"hgr-progb-icontext\"><div class=\"hgr-progb-icon\" style=\"width:25px; height:25px;\"><i class=\"icon icon\" style=\" color:#222222;  font-size:25px!important;  line-height:25px!important; \"><\/i><\/div><div class=\"hgr-progb-text\"><h4 style=\"color:#666666;\">R\u00e9seau d'agences et interventions partout en France<\/h4><\/div><\/div><div class=\"hgr_progressbarfull\" style=\"height:4px; background-color: #000000;\"><div class=\"hgr_progressbarfill \" style=\"height: 4px; background-color: #67aa4d;\" data-value=\"86\" data-time=\"3000\"><\/div><\/div><\/div>[\/vc_column][\/vc_row][vc_row css=\u00a0\u00bb.vc_custom_1412594989349{padding-top: 100px !important;}\u00a0\u00bb][vc_column][vc_single_image image=\u00a0\u00bb2076&Prime; img_size=\u00a0\u00bb900&#215;500&Prime; alignment=\u00a0\u00bbcenter\u00a0\u00bb css=\u00a0\u00bb.vc_custom_1474921751455{margin-bottom: 0px !important;}\u00a0\u00bb][\/vc_column][\/vc_row]<\/p>\n","protected":false},"excerpt":{"rendered":"<p>[vc_row][vc_column][vc_column_text] NOTRE M\u00c9TIER [\/vc_column_text][\/vc_column][\/vc_row][vc_row css=\u00a0\u00bb.vc_custom_1412594487477{padding-top: 70px !important;}\u00a0\u00bb][vc_column width=\u00a0\u00bb1\/2&Prime;][vc_column_text] L&rsquo;AMIANTE\u00a0: Un enjeu de sant\u00e9 publique [\/vc_column_text][vc_column_text]Mat\u00e9riau miracle utilis\u00e9, jusqu&rsquo;\u00e0 son interdiction en 1997, dans les constructions comme isolant thermique ou acoustique, reconnue pour sa r\u00e9sistance au feu, \u00e0 la traction, \u00e0 la flexion, \u00e0 l&rsquo;usure\u2026, l&rsquo;amiante est une cause importante de maladies professionnelles\u00a0; d\u00e8s lors que [&hellip;]<\/p>\n","protected":false},"author":1,"featured_media":0,"parent":2197,"menu_order":20,"comment_status":"open","ping_status":"open","template":"","meta":{"footnotes":""},"class_list":["post-12","page","type-page","status-publish","hentry"],"yoast_head":"<!-- This site is optimized with the Yoast SEO plugin v25.0 - https:\/\/yoast.com\/wordpress\/plugins\/seo\/ -->\n<title>Notre m\u00e9tier - Soveamiant Lille, votre partenaire d\u00e9samiantage dans le Grand-ouest Nord<\/title>\n<meta name=\"robots\" content=\"index, follow, max-snippet:-1, max-image-preview:large, max-video-preview:-1\" \/>\n<link rel=\"canonical\" href=\"http:\/\/www.soveamiant.fr\/agence-desamiantage-soveamiant-lille\/accueil\/notre-metier\/\" \/>\n<meta property=\"og:locale\" content=\"fr_FR\" \/>\n<meta property=\"og:type\" content=\"article\" \/>\n<meta property=\"og:title\" content=\"Notre m\u00e9tier - Soveamiant Lille, votre partenaire d\u00e9samiantage dans le Grand-ouest Nord\" \/>\n<meta property=\"og:description\" content=\"[vc_row][vc_column][vc_column_text] NOTRE M\u00c9TIER [\/vc_column_text][\/vc_column][\/vc_row][vc_row css=\u00a0\u00bb.vc_custom_1412594487477{padding-top: 70px !important;}\u00a0\u00bb][vc_column width=\u00a0\u00bb1\/2&Prime;][vc_column_text] L&rsquo;AMIANTE\u00a0: Un enjeu de sant\u00e9 publique [\/vc_column_text][vc_column_text]Mat\u00e9riau miracle utilis\u00e9, jusqu&rsquo;\u00e0 son interdiction en 1997, dans les constructions comme isolant thermique ou acoustique, reconnue pour sa r\u00e9sistance au feu, \u00e0 la traction, \u00e0 la flexion, \u00e0 l&rsquo;usure\u2026, l&rsquo;amiante est une cause importante de maladies professionnelles\u00a0; d\u00e8s lors que [&hellip;]\" \/>\n<meta property=\"og:url\" content=\"http:\/\/www.soveamiant.fr\/agence-desamiantage-soveamiant-lille\/accueil\/notre-metier\/\" \/>\n<meta property=\"og:site_name\" content=\"Soveamiant Lille, votre partenaire d\u00e9samiantage dans le Grand-ouest Nord\" \/>\n<meta name=\"twitter:card\" content=\"summary_large_image\" \/>\n<meta name=\"twitter:label1\" content=\"Dur\u00e9e de lecture estim\u00e9e\" \/>\n\t<meta name=\"twitter:data1\" content=\"3 minutes\" \/>\n<script type=\"application\/ld+json\" class=\"yoast-schema-graph\">{\"@context\":\"https:\/\/schema.org\",\"@graph\":[{\"@type\":\"WebPage\",\"@id\":\"http:\/\/www.soveamiant.fr\/agence-desamiantage-soveamiant-lille\/accueil\/notre-metier\/\",\"url\":\"http:\/\/www.soveamiant.fr\/agence-desamiantage-soveamiant-lille\/accueil\/notre-metier\/\",\"name\":\"Notre m\u00e9tier - Soveamiant Lille, votre partenaire d\u00e9samiantage dans le Grand-ouest Nord\",\"isPartOf\":{\"@id\":\"http:\/\/www.soveamiant.fr\/agence-desamiantage-soveamiant-lille\/#website\"},\"datePublished\":\"2014-10-06T11:20:40+00:00\",\"breadcrumb\":{\"@id\":\"http:\/\/www.soveamiant.fr\/agence-desamiantage-soveamiant-lille\/accueil\/notre-metier\/#breadcrumb\"},\"inLanguage\":\"fr-FR\",\"potentialAction\":[{\"@type\":\"ReadAction\",\"target\":[\"http:\/\/www.soveamiant.fr\/agence-desamiantage-soveamiant-lille\/accueil\/notre-metier\/\"]}]},{\"@type\":\"BreadcrumbList\",\"@id\":\"http:\/\/www.soveamiant.fr\/agence-desamiantage-soveamiant-lille\/accueil\/notre-metier\/#breadcrumb\",\"itemListElement\":[{\"@type\":\"ListItem\",\"position\":1,\"name\":\"Accueil\",\"item\":\"http:\/\/www.soveamiant.fr\/agence-desamiantage-soveamiant-lille\/\"},{\"@type\":\"ListItem\",\"position\":2,\"name\":\"Accueil SOVEAMIANT\",\"item\":\"http:\/\/www.soveamiant.fr\/agence-desamiantage-soveamiant-lille\/\"},{\"@type\":\"ListItem\",\"position\":3,\"name\":\"Notre m\u00e9tier\"}]},{\"@type\":\"WebSite\",\"@id\":\"http:\/\/www.soveamiant.fr\/agence-desamiantage-soveamiant-lille\/#website\",\"url\":\"http:\/\/www.soveamiant.fr\/agence-desamiantage-soveamiant-lille\/\",\"name\":\"Soveamiant Lille, votre partenaire d\u00e9samiantage dans le Grand-ouest Nord\",\"description\":\"SOVEAMIANT, D\u00e9samiantage dans le Grand-Ouest\",\"potentialAction\":[{\"@type\":\"SearchAction\",\"target\":{\"@type\":\"EntryPoint\",\"urlTemplate\":\"http:\/\/www.soveamiant.fr\/agence-desamiantage-soveamiant-lille\/?s={search_term_string}\"},\"query-input\":{\"@type\":\"PropertyValueSpecification\",\"valueRequired\":true,\"valueName\":\"search_term_string\"}}],\"inLanguage\":\"fr-FR\"}]}<\/script>\n<!-- \/ Yoast SEO plugin. -->","yoast_head_json":{"title":"Notre m\u00e9tier - Soveamiant Lille, votre partenaire d\u00e9samiantage dans le Grand-ouest Nord","robots":{"index":"index","follow":"follow","max-snippet":"max-snippet:-1","max-image-preview":"max-image-preview:large","max-video-preview":"max-video-preview:-1"},"canonical":"http:\/\/www.soveamiant.fr\/agence-desamiantage-soveamiant-lille\/accueil\/notre-metier\/","og_locale":"fr_FR","og_type":"article","og_title":"Notre m\u00e9tier - Soveamiant Lille, votre partenaire d\u00e9samiantage dans le Grand-ouest Nord","og_description":"[vc_row][vc_column][vc_column_text] NOTRE M\u00c9TIER [\/vc_column_text][\/vc_column][\/vc_row][vc_row css=\u00a0\u00bb.vc_custom_1412594487477{padding-top: 70px !important;}\u00a0\u00bb][vc_column width=\u00a0\u00bb1\/2&Prime;][vc_column_text] L&rsquo;AMIANTE\u00a0: Un enjeu de sant\u00e9 publique [\/vc_column_text][vc_column_text]Mat\u00e9riau miracle utilis\u00e9, jusqu&rsquo;\u00e0 son interdiction en 1997, dans les constructions comme isolant thermique ou acoustique, reconnue pour sa r\u00e9sistance au feu, \u00e0 la traction, \u00e0 la flexion, \u00e0 l&rsquo;usure\u2026, l&rsquo;amiante est une cause importante de maladies professionnelles\u00a0; d\u00e8s lors que [&hellip;]","og_url":"http:\/\/www.soveamiant.fr\/agence-desamiantage-soveamiant-lille\/accueil\/notre-metier\/","og_site_name":"Soveamiant Lille, votre partenaire d\u00e9samiantage dans le Grand-ouest Nord","twitter_card":"summary_large_image","twitter_misc":{"Dur\u00e9e de lecture estim\u00e9e":"3 minutes"},"schema":{"@context":"https:\/\/schema.org","@graph":[{"@type":"WebPage","@id":"http:\/\/www.soveamiant.fr\/agence-desamiantage-soveamiant-lille\/accueil\/notre-metier\/","url":"http:\/\/www.soveamiant.fr\/agence-desamiantage-soveamiant-lille\/accueil\/notre-metier\/","name":"Notre m\u00e9tier - Soveamiant Lille, votre partenaire d\u00e9samiantage dans le Grand-ouest Nord","isPartOf":{"@id":"http:\/\/www.soveamiant.fr\/agence-desamiantage-soveamiant-lille\/#website"},"datePublished":"2014-10-06T11:20:40+00:00","breadcrumb":{"@id":"http:\/\/www.soveamiant.fr\/agence-desamiantage-soveamiant-lille\/accueil\/notre-metier\/#breadcrumb"},"inLanguage":"fr-FR","potentialAction":[{"@type":"ReadAction","target":["http:\/\/www.soveamiant.fr\/agence-desamiantage-soveamiant-lille\/accueil\/notre-metier\/"]}]},{"@type":"BreadcrumbList","@id":"http:\/\/www.soveamiant.fr\/agence-desamiantage-soveamiant-lille\/accueil\/notre-metier\/#breadcrumb","itemListElement":[{"@type":"ListItem","position":1,"name":"Accueil","item":"http:\/\/www.soveamiant.fr\/agence-desamiantage-soveamiant-lille\/"},{"@type":"ListItem","position":2,"name":"Accueil SOVEAMIANT","item":"http:\/\/www.soveamiant.fr\/agence-desamiantage-soveamiant-lille\/"},{"@type":"ListItem","position":3,"name":"Notre m\u00e9tier"}]},{"@type":"WebSite","@id":"http:\/\/www.soveamiant.fr\/agence-desamiantage-soveamiant-lille\/#website","url":"http:\/\/www.soveamiant.fr\/agence-desamiantage-soveamiant-lille\/","name":"Soveamiant Lille, votre partenaire d\u00e9samiantage dans le Grand-ouest Nord","description":"SOVEAMIANT, D\u00e9samiantage dans le Grand-Ouest","potentialAction":[{"@type":"SearchAction","target":{"@type":"EntryPoint","urlTemplate":"http:\/\/www.soveamiant.fr\/agence-desamiantage-soveamiant-lille\/?s={search_term_string}"},"query-input":{"@type":"PropertyValueSpecification","valueRequired":true,"valueName":"search_term_string"}}],"inLanguage":"fr-FR"}]}},"_links":{"self":[{"href":"http:\/\/www.soveamiant.fr\/agence-desamiantage-soveamiant-lille\/wp-json\/wp\/v2\/pages\/12","targetHints":{"allow":["GET"]}}],"collection":[{"href":"http:\/\/www.soveamiant.fr\/agence-desamiantage-soveamiant-lille\/wp-json\/wp\/v2\/pages"}],"about":[{"href":"http:\/\/www.soveamiant.fr\/agence-desamiantage-soveamiant-lille\/wp-json\/wp\/v2\/types\/page"}],"author":[{"embeddable":true,"href":"http:\/\/www.soveamiant.fr\/agence-desamiantage-soveamiant-lille\/wp-json\/wp\/v2\/users\/1"}],"replies":[{"embeddable":true,"href":"http:\/\/www.soveamiant.fr\/agence-desamiantage-soveamiant-lille\/wp-json\/wp\/v2\/comments?post=12"}],"version-history":[{"count":0,"href":"http:\/\/www.soveamiant.fr\/agence-desamiantage-soveamiant-lille\/wp-json\/wp\/v2\/pages\/12\/revisions"}],"up":[{"embeddable":true,"href":"http:\/\/www.soveamiant.fr\/agence-desamiantage-soveamiant-lille\/wp-json\/wp\/v2\/pages\/2197"}],"wp:attachment":[{"href":"http:\/\/www.soveamiant.fr\/agence-desamiantage-soveamiant-lille\/wp-json\/wp\/v2\/media?parent=12"}],"curies":[{"name":"wp","href":"https:\/\/api.w.org\/{rel}","templated":true}]}}