{"id":2062,"date":"2014-10-06T10:53:15","date_gmt":"2014-10-06T10:53:15","guid":{"rendered":"http:\/\/www.highgradelab.com\/shore-creative-studio\/?page_id=8"},"modified":"2014-10-06T10:53:15","modified_gmt":"2014-10-06T10:53:15","slug":"entreprise-desamiantage","status":"publish","type":"page","link":"http:\/\/www.soveamiant.fr\/agence-desamiantage-soveamiant-pau\/accueil-soveamiant\/entreprise-desamiantage\/","title":{"rendered":"SOVEAMIANT, Votre partenaire d\u00e9samiantage"},"content":{"rendered":"<p>[vc_row][vc_column css=\u00a0\u00bb.vc_custom_1465218505535{margin-bottom: -35px !important;}\u00a0\u00bb][rev_slider_vc alias=\u00a0\u00bbshore-creative-studio\u00a0\u00bb][\/vc_column][\/vc_row]<\/p>\n","protected":false},"excerpt":{"rendered":"<p>[vc_row][vc_column css=\u00a0\u00bb.vc_custom_1465218505535{margin-bottom: -35px !important;}\u00a0\u00bb][rev_slider_vc alias=\u00a0\u00bbshore-creative-studio\u00a0\u00bb][\/vc_column][\/vc_row]<\/p>\n","protected":false},"author":1,"featured_media":0,"parent":2197,"menu_order":10,"comment_status":"open","ping_status":"open","template":"","meta":{"footnotes":""},"class_list":["post-2062","page","type-page","status-publish","hentry"],"yoast_head":"<!-- This site is optimized with the Yoast SEO plugin v25.0 - https:\/\/yoast.com\/wordpress\/plugins\/seo\/ -->\n<title>SOVEAMIANT, Votre partenaire d\u00e9samiantage - Soveamiant Pau, votre partenaire d\u00e9samiantage dans le B\u00e9arn<\/title>\n<meta name=\"robots\" content=\"index, follow, max-snippet:-1, max-image-preview:large, max-video-preview:-1\" \/>\n<link rel=\"canonical\" href=\"http:\/\/www.soveamiant.fr\/agence-desamiantage-soveamiant-pau\/accueil-soveamiant\/entreprise-desamiantage\/\" \/>\n<meta property=\"og:locale\" content=\"fr_FR\" \/>\n<meta property=\"og:type\" content=\"article\" \/>\n<meta property=\"og:title\" content=\"SOVEAMIANT, Votre partenaire d\u00e9samiantage - Soveamiant Pau, votre partenaire d\u00e9samiantage dans le B\u00e9arn\" \/>\n<meta property=\"og:description\" content=\"[vc_row][vc_column css=\u00a0\u00bb.vc_custom_1465218505535{margin-bottom: -35px !important;}\u00a0\u00bb][rev_slider_vc alias=\u00a0\u00bbshore-creative-studio\u00a0\u00bb][\/vc_column][\/vc_row]\" \/>\n<meta property=\"og:url\" content=\"http:\/\/www.soveamiant.fr\/agence-desamiantage-soveamiant-pau\/accueil-soveamiant\/entreprise-desamiantage\/\" \/>\n<meta property=\"og:site_name\" content=\"Soveamiant Pau, votre partenaire d\u00e9samiantage dans le B\u00e9arn\" \/>\n<meta name=\"twitter:card\" content=\"summary_large_image\" \/>\n<script type=\"application\/ld+json\" class=\"yoast-schema-graph\">{\"@context\":\"https:\/\/schema.org\",\"@graph\":[{\"@type\":\"WebPage\",\"@id\":\"http:\/\/www.soveamiant.fr\/agence-desamiantage-soveamiant-pau\/accueil-soveamiant\/entreprise-desamiantage\/\",\"url\":\"http:\/\/www.soveamiant.fr\/agence-desamiantage-soveamiant-pau\/accueil-soveamiant\/entreprise-desamiantage\/\",\"name\":\"SOVEAMIANT, Votre partenaire d\u00e9samiantage - Soveamiant Pau, votre partenaire d\u00e9samiantage dans le B\u00e9arn\",\"isPartOf\":{\"@id\":\"http:\/\/www.soveamiant.fr\/agence-desamiantage-soveamiant-pau\/#website\"},\"datePublished\":\"2014-10-06T10:53:15+00:00\",\"breadcrumb\":{\"@id\":\"http:\/\/www.soveamiant.fr\/agence-desamiantage-soveamiant-pau\/accueil-soveamiant\/entreprise-desamiantage\/#breadcrumb\"},\"inLanguage\":\"fr-FR\",\"potentialAction\":[{\"@type\":\"ReadAction\",\"target\":[\"http:\/\/www.soveamiant.fr\/agence-desamiantage-soveamiant-pau\/accueil-soveamiant\/entreprise-desamiantage\/\"]}]},{\"@type\":\"BreadcrumbList\",\"@id\":\"http:\/\/www.soveamiant.fr\/agence-desamiantage-soveamiant-pau\/accueil-soveamiant\/entreprise-desamiantage\/#breadcrumb\",\"itemListElement\":[{\"@type\":\"ListItem\",\"position\":1,\"name\":\"Accueil\",\"item\":\"https:\/\/www.soveamiant.fr\/agence-desamiantage-soveamiant-pau\/\"},{\"@type\":\"ListItem\",\"position\":2,\"name\":\"Accueil SOVEAMIANT\",\"item\":\"https:\/\/www.soveamiant.fr\/agence-desamiantage-soveamiant-pau\/\"},{\"@type\":\"ListItem\",\"position\":3,\"name\":\"SOVEAMIANT, Votre partenaire d\u00e9samiantage\"}]},{\"@type\":\"WebSite\",\"@id\":\"http:\/\/www.soveamiant.fr\/agence-desamiantage-soveamiant-pau\/#website\",\"url\":\"http:\/\/www.soveamiant.fr\/agence-desamiantage-soveamiant-pau\/\",\"name\":\"Soveamiant Pau, votre partenaire d\u00e9samiantage dans le B\u00e9arn\",\"description\":\"SOVEAMIANT, D\u00e9samiantage dans le B\u00e9arn\",\"potentialAction\":[{\"@type\":\"SearchAction\",\"target\":{\"@type\":\"EntryPoint\",\"urlTemplate\":\"http:\/\/www.soveamiant.fr\/agence-desamiantage-soveamiant-pau\/?s={search_term_string}\"},\"query-input\":{\"@type\":\"PropertyValueSpecification\",\"valueRequired\":true,\"valueName\":\"search_term_string\"}}],\"inLanguage\":\"fr-FR\"}]}<\/script>\n<!-- \/ Yoast SEO plugin. -->","yoast_head_json":{"title":"SOVEAMIANT, Votre partenaire d\u00e9samiantage - Soveamiant Pau, votre partenaire d\u00e9samiantage dans le B\u00e9arn","robots":{"index":"index","follow":"follow","max-snippet":"max-snippet:-1","max-image-preview":"max-image-preview:large","max-video-preview":"max-video-preview:-1"},"canonical":"http:\/\/www.soveamiant.fr\/agence-desamiantage-soveamiant-pau\/accueil-soveamiant\/entreprise-desamiantage\/","og_locale":"fr_FR","og_type":"article","og_title":"SOVEAMIANT, Votre partenaire d\u00e9samiantage - Soveamiant Pau, votre partenaire d\u00e9samiantage dans le B\u00e9arn","og_description":"[vc_row][vc_column css=\u00a0\u00bb.vc_custom_1465218505535{margin-bottom: -35px !important;}\u00a0\u00bb][rev_slider_vc alias=\u00a0\u00bbshore-creative-studio\u00a0\u00bb][\/vc_column][\/vc_row]","og_url":"http:\/\/www.soveamiant.fr\/agence-desamiantage-soveamiant-pau\/accueil-soveamiant\/entreprise-desamiantage\/","og_site_name":"Soveamiant Pau, votre partenaire d\u00e9samiantage dans le B\u00e9arn","twitter_card":"summary_large_image","schema":{"@context":"https:\/\/schema.org","@graph":[{"@type":"WebPage","@id":"http:\/\/www.soveamiant.fr\/agence-desamiantage-soveamiant-pau\/accueil-soveamiant\/entreprise-desamiantage\/","url":"http:\/\/www.soveamiant.fr\/agence-desamiantage-soveamiant-pau\/accueil-soveamiant\/entreprise-desamiantage\/","name":"SOVEAMIANT, Votre partenaire d\u00e9samiantage - Soveamiant Pau, votre partenaire d\u00e9samiantage dans le B\u00e9arn","isPartOf":{"@id":"http:\/\/www.soveamiant.fr\/agence-desamiantage-soveamiant-pau\/#website"},"datePublished":"2014-10-06T10:53:15+00:00","breadcrumb":{"@id":"http:\/\/www.soveamiant.fr\/agence-desamiantage-soveamiant-pau\/accueil-soveamiant\/entreprise-desamiantage\/#breadcrumb"},"inLanguage":"fr-FR","potentialAction":[{"@type":"ReadAction","target":["http:\/\/www.soveamiant.fr\/agence-desamiantage-soveamiant-pau\/accueil-soveamiant\/entreprise-desamiantage\/"]}]},{"@type":"BreadcrumbList","@id":"http:\/\/www.soveamiant.fr\/agence-desamiantage-soveamiant-pau\/accueil-soveamiant\/entreprise-desamiantage\/#breadcrumb","itemListElement":[{"@type":"ListItem","position":1,"name":"Accueil","item":"https:\/\/www.soveamiant.fr\/agence-desamiantage-soveamiant-pau\/"},{"@type":"ListItem","position":2,"name":"Accueil SOVEAMIANT","item":"https:\/\/www.soveamiant.fr\/agence-desamiantage-soveamiant-pau\/"},{"@type":"ListItem","position":3,"name":"SOVEAMIANT, Votre partenaire d\u00e9samiantage"}]},{"@type":"WebSite","@id":"http:\/\/www.soveamiant.fr\/agence-desamiantage-soveamiant-pau\/#website","url":"http:\/\/www.soveamiant.fr\/agence-desamiantage-soveamiant-pau\/","name":"Soveamiant Pau, votre partenaire d\u00e9samiantage dans le B\u00e9arn","description":"SOVEAMIANT, D\u00e9samiantage dans le B\u00e9arn","potentialAction":[{"@type":"SearchAction","target":{"@type":"EntryPoint","urlTemplate":"http:\/\/www.soveamiant.fr\/agence-desamiantage-soveamiant-pau\/?s={search_term_string}"},"query-input":{"@type":"PropertyValueSpecification","valueRequired":true,"valueName":"search_term_string"}}],"inLanguage":"fr-FR"}]}},"_links":{"self":[{"href":"http:\/\/www.soveamiant.fr\/agence-desamiantage-soveamiant-pau\/wp-json\/wp\/v2\/pages\/2062","targetHints":{"allow":["GET"]}}],"collection":[{"href":"http:\/\/www.soveamiant.fr\/agence-desamiantage-soveamiant-pau\/wp-json\/wp\/v2\/pages"}],"about":[{"href":"http:\/\/www.soveamiant.fr\/agence-desamiantage-soveamiant-pau\/wp-json\/wp\/v2\/types\/page"}],"author":[{"embeddable":true,"href":"http:\/\/www.soveamiant.fr\/agence-desamiantage-soveamiant-pau\/wp-json\/wp\/v2\/users\/1"}],"replies":[{"embeddable":true,"href":"http:\/\/www.soveamiant.fr\/agence-desamiantage-soveamiant-pau\/wp-json\/wp\/v2\/comments?post=2062"}],"version-history":[{"count":0,"href":"http:\/\/www.soveamiant.fr\/agence-desamiantage-soveamiant-pau\/wp-json\/wp\/v2\/pages\/2062\/revisions"}],"up":[{"embeddable":true,"href":"http:\/\/www.soveamiant.fr\/agence-desamiantage-soveamiant-pau\/wp-json\/wp\/v2\/pages\/2197"}],"wp:attachment":[{"href":"http:\/\/www.soveamiant.fr\/agence-desamiantage-soveamiant-pau\/wp-json\/wp\/v2\/media?parent=2062"}],"curies":[{"name":"wp","href":"https:\/\/api.w.org\/{rel}","templated":true}]}}